{"id":76,"date":"2024-08-14T20:44:54","date_gmt":"2024-08-14T18:44:54","guid":{"rendered":"https:\/\/charlesbultez-parolier.fr\/?page_id=76"},"modified":"2024-09-30T12:11:54","modified_gmt":"2024-09-30T10:11:54","slug":"a-propos-2","status":"publish","type":"page","link":"https:\/\/charlesbultez-parolier.fr\/index.php\/a-propos-2\/","title":{"rendered":"A propos"},"content":{"rendered":"\t\t<div data-elementor-type=\"wp-page\" data-elementor-id=\"76\" class=\"elementor elementor-76\" data-elementor-post-type=\"page\">\n\t\t\t\t<div class=\"elementor-element elementor-element-168cd598 e-flex e-con-boxed e-con e-parent\" data-id=\"168cd598\" data-element_type=\"container\" data-e-type=\"container\">\n\t\t\t\t\t<div class=\"e-con-inner\">\n\t\t\t\t<div class=\"elementor-element elementor-element-6cd0ccba elementor-widget elementor-widget-text-editor\" data-id=\"6cd0ccba\" data-element_type=\"widget\" data-e-type=\"widget\" data-widget_type=\"text-editor.default\">\n\t\t\t\t<div class=\"elementor-widget-container\">\n\t\t\t\t\t\t\t\t\t\n<div class=\"wp-block-media-text is-stacked-on-mobile\" style=\"grid-template-columns: 22% auto;\">\n<figure class=\"wp-block-media-text__media\"><img decoding=\"async\" class=\"aligncenter wp-image-66\" src=\"http:\/\/charlesbultez-parolier.fr\/wp-content\/uploads\/2024\/08\/Charles-Edouard2.jpg\" alt=\"\" width=\"140\" height=\"145\" srcset=\"https:\/\/charlesbultez-parolier.fr\/wp-content\/uploads\/2024\/08\/Charles-Edouard2.jpg 320w, https:\/\/charlesbultez-parolier.fr\/wp-content\/uploads\/2024\/08\/Charles-Edouard2-289x300.jpg 289w\" sizes=\"(max-width: 140px) 100vw, 140px\" \/><\/figure>\n<div class=\"wp-block-media-text__content\">\n<p><strong><em>Je m&#8217;appelle <\/em><em>Charles Bultez<\/em><em> et je vis en Corse&#8230;<\/em><\/strong><\/p>\n\n<p><strong><em>J&#8217;ai deux passions &#8230; la moto &#8230; et l&#8217;\u00e9criture&#8230; (motard le jour, auteur la nuit)<br \/>J&#8217;ai toujours aim\u00e9 \u00e9crire\u2026 m\u00eame si cela restait en \u00ab cercle restreint&#8221;&#8230; tellement restreint d&#8217;ailleurs&#8230; que j&#8217;\u00e9tais le seul dans ce cercle\u00a0 \ud83d\ude42<\/em><\/strong><\/p>\n\n<p><strong><em>C&#8217;\u00e9tait l&#8217;instant&#8230; une situation particuli\u00e8re, une envie ou &#8230; une \u00e9motion&#8230;<\/em><\/strong><\/p>\n\n<p><strong><em>Je n&#8217;ai jamais rien gard\u00e9&#8230; et je le regrette \u00e0 pr\u00e9sent\u2026<\/em><\/strong><\/p>\n\n<p><strong><em>Cette envie s\u2019\u00e9tait un peu \u00ab \u00e9teinte \u00bb au fil du temps\u2026<\/em><\/strong><\/p>\n\n<p><strong><em>Mais !!!<\/em><\/strong><\/p>\n\n<p><strong><em>une rencontre et un site communautaire m&#8217;ont permis de d\u00e9couvrir des artistes et des univers diff\u00e9rents et m&#8217;ont aussi redonn\u00e9 l&#8217;envie d&#8217;aller plus loin en \u00e9crivant quelques textes de chansons&#8230;<\/em><\/strong><\/p>\n\n<p><strong><em>Et c\u2019est ainsi que naqu\u00eet&#8230;\u00a0Edouard Selarch\u00a0 \ud83d\ude42<\/em><\/strong><\/p>\n<\/div>\n<\/div>\n\t\t\t\t\t\t\t\t<\/div>\n\t\t\t\t<\/div>\n\t\t\t\t\t<\/div>\n\t\t\t\t<\/div>\n\t\t\t\t<\/div>\n\t\t","protected":false},"excerpt":{"rendered":"<p>Je m&#8217;appelle Charles Bultez et je vis en Corse&#8230; J&#8217;ai deux passions &#8230; la moto &#8230; et l&#8217;\u00e9criture&#8230; (motard le jour, auteur la nuit)J&#8217;ai toujours aim\u00e9 \u00e9crire\u2026 m\u00eame si cela restait en \u00ab cercle restreint&#8221;&#8230; tellement restreint d&#8217;ailleurs&#8230; que j&#8217;\u00e9tais le seul dans ce cercle\u00a0 \ud83d\ude42 C&#8217;\u00e9tait l&#8217;instant&#8230; une situation particuli\u00e8re, une envie ou &#8230; [&hellip;]<\/p>\n","protected":false},"author":1,"featured_media":0,"parent":0,"menu_order":0,"comment_status":"closed","ping_status":"closed","template":"","meta":{"footnotes":""},"class_list":["post-76","page","type-page","status-publish","hentry"],"_links":{"self":[{"href":"https:\/\/charlesbultez-parolier.fr\/index.php\/wp-json\/wp\/v2\/pages\/76","targetHints":{"allow":["GET"]}}],"collection":[{"href":"https:\/\/charlesbultez-parolier.fr\/index.php\/wp-json\/wp\/v2\/pages"}],"about":[{"href":"https:\/\/charlesbultez-parolier.fr\/index.php\/wp-json\/wp\/v2\/types\/page"}],"author":[{"embeddable":true,"href":"https:\/\/charlesbultez-parolier.fr\/index.php\/wp-json\/wp\/v2\/users\/1"}],"replies":[{"embeddable":true,"href":"https:\/\/charlesbultez-parolier.fr\/index.php\/wp-json\/wp\/v2\/comments?post=76"}],"version-history":[{"count":19,"href":"https:\/\/charlesbultez-parolier.fr\/index.php\/wp-json\/wp\/v2\/pages\/76\/revisions"}],"predecessor-version":[{"id":985,"href":"https:\/\/charlesbultez-parolier.fr\/index.php\/wp-json\/wp\/v2\/pages\/76\/revisions\/985"}],"wp:attachment":[{"href":"https:\/\/charlesbultez-parolier.fr\/index.php\/wp-json\/wp\/v2\/media?parent=76"}],"curies":[{"name":"wp","href":"https:\/\/api.w.org\/{rel}","templated":true}]}}